{"id":2799,"date":"2017-02-09T14:39:38","date_gmt":"2017-02-09T13:39:38","guid":{"rendered":"http:\/\/www2.transwork.de\/?page_id=2799"},"modified":"2023-09-05T14:03:22","modified_gmt":"2023-09-05T12:03:22","slug":"impressum","status":"publish","type":"page","link":"https:\/\/www.transwork.de\/index.php\/impressum\/","title":{"rendered":"Impressum"},"content":{"rendered":"<p>Die Internetseite des Projektes Transwork\u00a0wird vom Fraunhofer IAO betrieben.<\/p>\n<p>Das Fraunhofer-Institut f\u00fcr Arbeitswirtschaft und Organisation<br \/>\nNobelstra\u00dfe 12<br \/>\n70569 Stuttgart<\/p>\n<p>ist eine rechtlich nicht selbst\u00e4ndige Einrichtung der<\/p>\n<p>Fraunhofer-Gesellschaft zur F\u00f6rderung der angewandten<br \/>\nForschung e.V.<br \/>\nHansastra\u00dfe 27 c<br \/>\n80686 M\u00fcnchen<br \/>\nTelefon: +49 89 1205- 0<br \/>\nFax: +49 89 1205-7531<br \/>\nwww.fraunhofer.de<\/p>\n<p>Umsatzsteuer-Identifikationsnummer gem\u00e4\u00df \u00a7 27 a<br \/>\nUmsatzsteuergesetz: DE 129515865<\/p>\n<p>Registergericht<br \/>\nAmtsgericht M\u00fcnchen<br \/>\nEingetragener Verein<br \/>\nRegister-Nr. VR 4461<\/p>\n<p><strong>Verantwortlicher Redakteur\u00a0&amp; Webadministrator:<\/strong><br \/>\n&#8211; Alexander Schletz<br \/>\n&#8211; alexander.schletz@iao.fraunhofer.de<\/p>\n<p><strong>Vorstand<\/strong><\/p>\n<ul>\n<li><strong>Prof. Dr.-Ing. Holger Hanselka<\/strong> | Pr\u00e4sident<\/li>\n<li><strong>Prof. Dr. Axel M\u00fcller-Groeling<\/strong> | Mitglied des Vorstands<\/li>\n<li><strong>Ass. jur. Elisabeth Ewen<\/strong> | Mitglied des Vorstands<\/li>\n<li><strong>Dr. Sandra Krey<\/strong> | Mitglied des Vorstands<\/li>\n<\/ul>\n<p><strong>Nutzungsrechte<\/strong><br \/>\nCopyright \u00a9 by Fraunhofer-Gesellschaft<\/p>\n<p>Alle Rechte vorbehalten.<br \/>\nDie Urheberrechte dieser Web-Site liegen vollst\u00e4ndig bei der Fraunhofer-Gesellschaft.<\/p>\n<p>Ein Download oder Ausdruck dieser Ver\u00f6ffentlichungen ist ausschlie\u00dflich f\u00fcr den pers\u00f6nlichen Gebrauch gestattet. Alle dar\u00fcber hinaus gehenden Verwendungen, insbesondere die kommerzielle Nutzung und Verbreitung, sind grunds\u00e4tzlich nicht gestattet und bed\u00fcrfen der schriftlichen Genehmigung. Anfragen richten Sie Bitte an folgende Adresse:<\/p>\n<p>Presse und \u00d6ffentlichkeitsarbeit<br \/>\nFraunhofer-Institut f\u00fcr Arbeitswirtschaft und Organisation IAO<br \/>\nNobelstr. 12<br \/>\n70569 Stuttgart<br \/>\npresse@iao.fraunhofer.de<\/p>\n<p>Ein Download oder Ausdruck ist dar\u00fcber hinaus lediglich zum Zweck der Berichterstattung \u00fcber die Fraunhofer-Gesellschaft und Ihrer Institute nach Ma\u00dfgabe untenstehender Nutzungsbedingungen gestattet:<\/p>\n<p>Grafische Ver\u00e4nderungen an Bildmotiven \u2013 au\u00dfer zum Freistellen des Hauptmotivs \u2013 sind nicht gestattet. Es ist stets die Quellenangabe und \u00dcbersendung von zwei kostenlosen Belegexemplaren an die oben genannte Adresse erforderlich. Die Verwendung ist honorarfrei.<\/p>\n<p><strong>Haftungshinweis<\/strong><br \/>\nWir \u00fcbernehmen keine Haftung f\u00fcr die Inhalte externer Links. F\u00fcr den Inhalt der verlinkten Seiten sind ausschlie\u00dflich deren Betreiber verantwortlich.<\/p>\n<p>Wir sind bem\u00fcht, das Webangebot stets aktuell und inhaltlich richtig sowie vollst\u00e4ndig anzubieten. Dennoch ist das Auftreten von Fehlern nicht v\u00f6llig auszuschlie\u00dfen. Das Fraunhofer-Institut bzw. die Fraunhofer-Gesellschaft \u00fcbernimmt keine Haftung f\u00fcr die Aktualit\u00e4t, die inhaltliche Richtigkeit sowie f\u00fcr die Vollst\u00e4ndigkeit der in ihrem Webangebot eingestellten Informationen. Dies bezieht sich auf eventuelle Sch\u00e4den materieller oder ideeller Art Dritter, die durch die Nutzung dieses Webangebotes verursacht wurden.<\/p>\n<p>Gesch\u00fctzte Marken und Namen, Bilder und Texte werden auf unseren Seiten in der Regel nicht als solche kenntlich gemacht. Das Fehlen einer solchen Kennzeichnung bedeutet jedoch nicht, dass es sich um einen freien Namen, ein freies Bild oder einen freien Text im Sinne des Markenzeichenrechts handelt.<\/p>\n","protected":false},"excerpt":{"rendered":"<p>Die Internetseite des Projektes Transwork\u00a0wird vom Fraunhofer IAO betrieben. Das Fraunhofer-Institut f\u00fcr Arbeitswirtschaft und Organisation Nobelstra\u00dfe 12 70569 Stuttgart ist eine rechtlich nicht selbst\u00e4ndige Einrichtung der Fraunhofer-Gesellschaft zur F\u00f6rderung der<span class=\"excerpt-hellip\"> [\u2026]<\/span><\/p>\n","protected":false},"author":7,"featured_media":0,"parent":0,"menu_order":7,"comment_status":"closed","ping_status":"closed","template":"","meta":{"footnotes":""},"acf":[],"_links":{"self":[{"href":"https:\/\/www.transwork.de\/index.php\/wp-json\/wp\/v2\/pages\/2799"}],"collection":[{"href":"https:\/\/www.transwork.de\/index.php\/wp-json\/wp\/v2\/pages"}],"about":[{"href":"https:\/\/www.transwork.de\/index.php\/wp-json\/wp\/v2\/types\/page"}],"author":[{"embeddable":true,"href":"https:\/\/www.transwork.de\/index.php\/wp-json\/wp\/v2\/users\/7"}],"replies":[{"embeddable":true,"href":"https:\/\/www.transwork.de\/index.php\/wp-json\/wp\/v2\/comments?post=2799"}],"version-history":[{"count":9,"href":"https:\/\/www.transwork.de\/index.php\/wp-json\/wp\/v2\/pages\/2799\/revisions"}],"predecessor-version":[{"id":5352,"href":"https:\/\/www.transwork.de\/index.php\/wp-json\/wp\/v2\/pages\/2799\/revisions\/5352"}],"wp:attachment":[{"href":"https:\/\/www.transwork.de\/index.php\/wp-json\/wp\/v2\/media?parent=2799"}],"curies":[{"name":"wp","href":"https:\/\/api.w.org\/{rel}","templated":true}]}}